{"id":15,"date":"2015-07-09T20:05:51","date_gmt":"2015-07-09T20:05:51","guid":{"rendered":"http:\/\/eurotecnia.com\/online\/?page_id=15"},"modified":"2015-07-09T20:07:58","modified_gmt":"2015-07-09T20:07:58","slug":"servicio-tecnico","status":"publish","type":"page","link":"https:\/\/eurotecnia.com\/online\/servicio-tecnico\/","title":{"rendered":"Servicio t\u00e9cnico"},"content":{"rendered":"<p><strong>Nuestros Servicios<\/strong><\/p>\n<p>Los servicios que presta Eurotecnia est\u00e1n orientados al apoyo de empresas Industriales, Alimenticias y Medicinales.<\/p>\n<p>Eurotecnia representa a diferentes firmas todas involucradas a productos que ayudan al crecimiento de su empresa. Las l\u00edneas de productos abarcan todo lo referido al \u00e1rea de producci\u00f3n, ya sea alimenticia o no, donde los altos est\u00e1ndares de efectividad alcanzados por nuestros productos representados hacen un salto diferenciador con respecto a otros productos similares. En el contexto empresario actual los rindes de producci\u00f3n necesitan estar acompa\u00f1ados por un proceso cuidado en toda su fase de desarrollo, los productos y maquinarias provista por EUROTECNIA garantiza que esto sea asi.<\/p>\n<p><strong>Area de Cobertura<\/strong><\/p>\n<p>Nuestra \u00e1rea de cobertura se est\u00e1 expandiendo por lo tanto invitamos a contactarnos para establecer los alcances y beneficios de nuestra propuesta comercial.<\/p>\n","protected":false},"excerpt":{"rendered":"<p>Nuestros Servicios Los servicios que presta Eurotecnia est\u00e1n orientados al apoyo de empresas Industriales, Alimenticias y Medicinales. Eurotecnia representa a diferentes firmas todas involucradas a productos que ayudan al crecimiento de su empresa. Las l\u00edneas de productos abarcan todo lo referido al \u00e1rea de producci\u00f3n, ya sea alimenticia o no, donde los altos est\u00e1ndares de<a href=\"https:\/\/eurotecnia.com\/online\/servicio-tecnico\/\">[&#8230;]<\/a><\/p>\n","protected":false},"author":2,"featured_media":0,"parent":0,"menu_order":0,"comment_status":"closed","ping_status":"closed","template":"template-fullwidth.php","meta":{"footnotes":""},"class_list":["post-15","page","type-page","status-publish","hentry"],"_links":{"self":[{"href":"https:\/\/eurotecnia.com\/online\/wp-json\/wp\/v2\/pages\/15","targetHints":{"allow":["GET"]}}],"collection":[{"href":"https:\/\/eurotecnia.com\/online\/wp-json\/wp\/v2\/pages"}],"about":[{"href":"https:\/\/eurotecnia.com\/online\/wp-json\/wp\/v2\/types\/page"}],"author":[{"embeddable":true,"href":"https:\/\/eurotecnia.com\/online\/wp-json\/wp\/v2\/users\/2"}],"replies":[{"embeddable":true,"href":"https:\/\/eurotecnia.com\/online\/wp-json\/wp\/v2\/comments?post=15"}],"version-history":[{"count":2,"href":"https:\/\/eurotecnia.com\/online\/wp-json\/wp\/v2\/pages\/15\/revisions"}],"predecessor-version":[{"id":17,"href":"https:\/\/eurotecnia.com\/online\/wp-json\/wp\/v2\/pages\/15\/revisions\/17"}],"wp:attachment":[{"href":"https:\/\/eurotecnia.com\/online\/wp-json\/wp\/v2\/media?parent=15"}],"curies":[{"name":"wp","href":"https:\/\/api.w.org\/{rel}","templated":true}]}}